{"id":10820,"date":"2024-10-02T11:56:52","date_gmt":"2024-10-02T11:56:52","guid":{"rendered":"https:\/\/suniverse.sushigrafia.com\/?page_id=10820"},"modified":"2025-03-24T08:38:03","modified_gmt":"2025-03-24T08:38:03","slug":"sonja","status":"publish","type":"page","link":"https:\/\/suniverse.sushigrafia.com\/it\/sonja\/","title":{"rendered":"SONJA"},"content":{"rendered":"<div data-elementor-type=\"wp-page\" data-elementor-id=\"10820\" class=\"elementor elementor-10820\" data-elementor-post-type=\"page\">\n\t\t\t\t<div class=\"elementor-element elementor-element-eef77f9 elementor-hidden-tablet elementor-hidden-mobile e-flex e-con-boxed e-con e-parent\" data-id=\"eef77f9\" data-element_type=\"container\" data-e-type=\"container\" data-settings=\"{&quot;background_background&quot;:&quot;classic&quot;}\">\n\t\t\t\t\t<div class=\"e-con-inner\">\n\t\t<div class=\"elementor-element elementor-element-47497cb e-con-full e-flex e-con e-child\" data-id=\"47497cb\" data-element_type=\"container\" data-e-type=\"container\">\n\t\t\t\t<div class=\"elementor-element elementor-element-c026a61 elementor-widget elementor-widget-image\" data-id=\"c026a61\" data-element_type=\"widget\" data-e-type=\"widget\" data-widget_type=\"image.default\">\n\t\t\t\t<div class=\"elementor-widget-container\">\n\t\t\t\t\t\t\t\t\t\t\t\t\t\t\t<img fetchpriority=\"high\" decoding=\"async\" width=\"1024\" height=\"383\" src=\"https:\/\/suniverse.sushigrafia.com\/wp-content\/uploads\/2024\/10\/scritta-def-Sonja-1024x383.png\" class=\"attachment-large size-large wp-image-11036\" alt=\"\" srcset=\"https:\/\/suniverse.sushigrafia.com\/wp-content\/uploads\/2024\/10\/scritta-def-Sonja-1024x383.png 1024w, https:\/\/suniverse.sushigrafia.com\/wp-content\/uploads\/2024\/10\/scritta-def-Sonja-300x112.png 300w, https:\/\/suniverse.sushigrafia.com\/wp-content\/uploads\/2024\/10\/scritta-def-Sonja-768x287.png 768w, https:\/\/suniverse.sushigrafia.com\/wp-content\/uploads\/2024\/10\/scritta-def-Sonja-1536x575.png 1536w, https:\/\/suniverse.sushigrafia.com\/wp-content\/uploads\/2024\/10\/scritta-def-Sonja.png 2048w\" sizes=\"(max-width: 1024px) 100vw, 1024px\" \/>\t\t\t\t\t\t\t\t\t\t\t\t\t\t\t<\/div>\n\t\t\t\t<\/div>\n\t\t\t\t<div class=\"elementor-element elementor-element-c3eee3d elementor-widget elementor-widget-text-editor\" data-id=\"c3eee3d\" data-element_type=\"widget\" data-e-type=\"widget\" data-widget_type=\"text-editor.default\">\n\t\t\t\t<div class=\"elementor-widget-container\">\n\t\t\t\t\t\t\t\t\t<p>Nasce il 16 dicembre a Roma, dove vive fino all\u2019et\u00e0 di circa 30 anni, durante i quali si alternano periodi di residenza all'estero, conseguenza di scelte personali e percorsi di studio intrapresi, in particolare negli USA e alle isole Seychelles.<\/p><p>Amante dei viaggi e dei diversi usi e costumi di persone e luoghi, studia lingue straniere ed inizia la sua carriera professionale come dipendente della ex compagnia aerea italiana, Alitalia, dove lavora come impiegata a terra e non in volo per un periodo di circa 15 anni. Per scelte personali lascia Alitalia e si trasferisce in Svizzera, dove inizia una carriera imprenditoriale. Dopo 10 anni in Svizzera si trasferisce a Londra, dove attualmente vive e decide di far crescere i suoi due figli. Acquisisce la cittadinanza britannica pur mantenendo quella italiana, affermando di sentirsi felice ed integrata nel paese che attualmente la accoglie\/ospita.<\/p><p>Sempre desiderosa di conoscere nuove culture e scoprire diversi usi e costumi, continua a guardarsi intorno cercando di cogliere nuove opportunit\u00e0 imprenditoriali da mettere a vantaggio del proprio business e continuando il suo percorso di crescita personale. Amplia il suo network relazionale, il quale diventa sempre pi\u00f9 Worldwide. Nell'universo S oggi sono presenti diverse realt\u00e0 imprenditoriali direttamente riferite a Sonja, oltre che molteplici altre realt\u00e0 a lei comunque collegate.<\/p>\t\t\t\t\t\t\t\t<\/div>\n\t\t\t\t<\/div>\n\t\t\t\t<\/div>\n\t\t<div class=\"elementor-element elementor-element-6f645b8 e-con-full e-flex e-con e-child\" data-id=\"6f645b8\" data-element_type=\"container\" data-e-type=\"container\">\n\t\t\t\t<\/div>\n\t\t\t\t\t<\/div>\n\t\t\t\t<\/div>\n\t\t<div class=\"elementor-element elementor-element-c3e902c elementor-hidden-desktop elementor-hidden-mobile e-flex e-con-boxed e-con e-parent\" data-id=\"c3e902c\" data-element_type=\"container\" data-e-type=\"container\" data-settings=\"{&quot;background_background&quot;:&quot;classic&quot;}\">\n\t\t\t\t\t<div class=\"e-con-inner\">\n\t\t\t\t\t<\/div>\n\t\t\t\t<\/div>\n\t\t<div class=\"elementor-element elementor-element-c2e2734 elementor-hidden-desktop elementor-hidden-mobile e-flex e-con-boxed e-con e-parent\" data-id=\"c2e2734\" data-element_type=\"container\" data-e-type=\"container\">\n\t\t\t\t\t<div class=\"e-con-inner\">\n\t\t\t\t<div class=\"elementor-element elementor-element-a367578 elementor-widget elementor-widget-image\" data-id=\"a367578\" data-element_type=\"widget\" data-e-type=\"widget\" data-widget_type=\"image.default\">\n\t\t\t\t<div class=\"elementor-widget-container\">\n\t\t\t\t\t\t\t\t\t\t\t\t\t\t\t<img fetchpriority=\"high\" decoding=\"async\" width=\"1024\" height=\"383\" src=\"https:\/\/suniverse.sushigrafia.com\/wp-content\/uploads\/2024\/10\/scritta-def-Sonja-1024x383.png\" class=\"attachment-large size-large wp-image-11036\" alt=\"\" srcset=\"https:\/\/suniverse.sushigrafia.com\/wp-content\/uploads\/2024\/10\/scritta-def-Sonja-1024x383.png 1024w, https:\/\/suniverse.sushigrafia.com\/wp-content\/uploads\/2024\/10\/scritta-def-Sonja-300x112.png 300w, https:\/\/suniverse.sushigrafia.com\/wp-content\/uploads\/2024\/10\/scritta-def-Sonja-768x287.png 768w, https:\/\/suniverse.sushigrafia.com\/wp-content\/uploads\/2024\/10\/scritta-def-Sonja-1536x575.png 1536w, https:\/\/suniverse.sushigrafia.com\/wp-content\/uploads\/2024\/10\/scritta-def-Sonja.png 2048w\" sizes=\"(max-width: 1024px) 100vw, 1024px\" \/>\t\t\t\t\t\t\t\t\t\t\t\t\t\t\t<\/div>\n\t\t\t\t<\/div>\n\t\t\t\t<div class=\"elementor-element elementor-element-68803cd elementor-widget elementor-widget-text-editor\" data-id=\"68803cd\" data-element_type=\"widget\" data-e-type=\"widget\" data-widget_type=\"text-editor.default\">\n\t\t\t\t<div class=\"elementor-widget-container\">\n\t\t\t\t\t\t\t\t\t<p>Nasce il 16 dicembre a Roma, dove vive fino all\u2019et\u00e0 di circa 30 anni, durante i quali si alternano periodi di residenza all'estero, conseguenza di scelte personali e percorsi di studio intrapresi, in particolare negli USA e alle isole Seychelles.<\/p><p>Amante dei viaggi e dei diversi usi e costumi di persone e luoghi, studia lingue straniere ed inizia la sua carriera professionale come dipendente della ex compagnia aerea italiana, Alitalia, dove lavora come impiegata a terra e non in volo per un periodo di circa 15 anni. Per scelte personali lascia Alitalia e si trasferisce in Svizzera, dove inizia una carriera imprenditoriale. Dopo 10 anni in Svizzera si trasferisce a Londra, dove attualmente vive e decide di far crescere i suoi due figli. Acquisisce la cittadinanza britannica pur mantenendo quella italiana, affermando di sentirsi felice ed integrata nel paese che attualmente la accoglie\/ospita.<br \/>Acquisisce la cittadinanza britannica pur mantenendo quella italiana, affermando di sentirsi felice ed integrata nel paese che attualmente la accoglie\/ospita.<\/p><p>Sempre desiderosa di conoscere nuove culture e scoprire diversi usi e costumi, continua a guardarsi intorno cercando di cogliere nuove opportunit\u00e0 imprenditoriali da mettere a vantaggio del proprio business e continuando il suo percorso di crescita personale. Amplia il suo network relazionale, il quale diventa sempre pi\u00f9 Worldwide. Nell'universo S oggi sono presenti diverse realt\u00e0 imprenditoriali direttamente riferite a Sonja, oltre che molteplici altre realt\u00e0 a lei comunque collegate.<\/p>\t\t\t\t\t\t\t\t<\/div>\n\t\t\t\t<\/div>\n\t\t\t\t\t<\/div>\n\t\t\t\t<\/div>\n\t\t<div class=\"elementor-element elementor-element-6adaa88 e-flex e-con-boxed e-con e-parent\" data-id=\"6adaa88\" data-element_type=\"container\" data-e-type=\"container\" data-settings=\"{&quot;background_background&quot;:&quot;classic&quot;}\">\n\t\t\t\t\t<div class=\"e-con-inner\">\n\t\t\t\t\t<\/div>\n\t\t\t\t<\/div>\n\t\t<div class=\"elementor-element elementor-element-89ce3b4 elementor-hidden-desktop elementor-hidden-tablet e-flex e-con-boxed e-con e-parent\" data-id=\"89ce3b4\" data-element_type=\"container\" data-e-type=\"container\">\n\t\t\t\t\t<div class=\"e-con-inner\">\n\t\t\t\t<div class=\"elementor-element elementor-element-0b05f38 elementor-widget elementor-widget-image\" data-id=\"0b05f38\" data-element_type=\"widget\" data-e-type=\"widget\" data-widget_type=\"image.default\">\n\t\t\t\t<div class=\"elementor-widget-container\">\n\t\t\t\t\t\t\t\t\t\t\t\t\t\t\t<img fetchpriority=\"high\" decoding=\"async\" width=\"1024\" height=\"383\" src=\"https:\/\/suniverse.sushigrafia.com\/wp-content\/uploads\/2024\/10\/scritta-def-Sonja-1024x383.png\" class=\"attachment-large size-large wp-image-11036\" alt=\"\" srcset=\"https:\/\/suniverse.sushigrafia.com\/wp-content\/uploads\/2024\/10\/scritta-def-Sonja-1024x383.png 1024w, https:\/\/suniverse.sushigrafia.com\/wp-content\/uploads\/2024\/10\/scritta-def-Sonja-300x112.png 300w, https:\/\/suniverse.sushigrafia.com\/wp-content\/uploads\/2024\/10\/scritta-def-Sonja-768x287.png 768w, https:\/\/suniverse.sushigrafia.com\/wp-content\/uploads\/2024\/10\/scritta-def-Sonja-1536x575.png 1536w, https:\/\/suniverse.sushigrafia.com\/wp-content\/uploads\/2024\/10\/scritta-def-Sonja.png 2048w\" sizes=\"(max-width: 1024px) 100vw, 1024px\" \/>\t\t\t\t\t\t\t\t\t\t\t\t\t\t\t<\/div>\n\t\t\t\t<\/div>\n\t\t\t\t<div class=\"elementor-element elementor-element-a071b44 elementor-widget elementor-widget-text-editor\" data-id=\"a071b44\" data-element_type=\"widget\" data-e-type=\"widget\" data-widget_type=\"text-editor.default\">\n\t\t\t\t<div class=\"elementor-widget-container\">\n\t\t\t\t\t\t\t\t\t<p>Nasce il 16 dicembre a Roma, dove vive fino all\u2019et\u00e0 di circa 30 anni, durante i quali si alternano periodi di residenza all'estero, conseguenza di scelte personali e percorsi di studio intrapresi, in particolare negli USA e alle isole Seychelles.<\/p><p>Amante dei viaggi e dei diversi usi e costumi di persone e luoghi, studia lingue straniere ed inizia la sua carriera professionale come dipendente della ex compagnia aerea italiana, Alitalia, dove lavora come impiegata a terra e non in volo per un periodo di circa 15 anni. Per scelte personali lascia Alitalia e si trasferisce in Svizzera, dove inizia una carriera imprenditoriale. Dopo 10 anni in Svizzera si trasferisce a Londra, dove attualmente vive e decide di far crescere i suoi due figli. Acquisisce la cittadinanza britannica pur mantenendo quella italiana, affermando di sentirsi felice ed integrata nel paese che attualmente la accoglie\/ospita.<br \/>Acquisisce la cittadinanza britannica pur mantenendo quella italiana, affermando di sentirsi felice ed integrata nel paese che attualmente la accoglie\/ospita.<\/p><p>Sempre desiderosa di conoscere nuove culture e scoprire diversi usi e costumi, continua a guardarsi intorno cercando di cogliere nuove opportunit\u00e0 imprenditoriali da mettere a vantaggio del proprio business e continuando il suo percorso di crescita personale. Amplia il suo network relazionale, il quale diventa sempre pi\u00f9 Worldwide. Nell'universo S oggi sono presenti diverse realt\u00e0 imprenditoriali direttamente riferite a Sonja, oltre che molteplici altre realt\u00e0 a lei comunque collegate.<\/p>\t\t\t\t\t\t\t\t<\/div>\n\t\t\t\t<\/div>\n\t\t\t\t\t<\/div>\n\t\t\t\t<\/div>\n\t\t\t\t<\/div>","protected":false},"excerpt":{"rendered":"<p>I was born on December 16th in Rome, where I lived until I was 30. During that time, personal choices and studies led me to reside partially in the United States and the Seychelles. I began studying foreign languages thanks to an intense curiosity, a love for travel and a desire to learn more about [&hellip;]<\/p>","protected":false},"author":1,"featured_media":0,"parent":0,"menu_order":0,"comment_status":"closed","ping_status":"closed","template":"","meta":{"_acf_changed":false,"_seopress_robots_primary_cat":"","_seopress_titles_title":"","_seopress_titles_desc":"","_seopress_robots_index":"","footnotes":""},"class_list":["post-10820","page","type-page","status-publish","hentry"],"acf":[],"_links":{"self":[{"href":"https:\/\/suniverse.sushigrafia.com\/it\/wp-json\/wp\/v2\/pages\/10820","targetHints":{"allow":["GET"]}}],"collection":[{"href":"https:\/\/suniverse.sushigrafia.com\/it\/wp-json\/wp\/v2\/pages"}],"about":[{"href":"https:\/\/suniverse.sushigrafia.com\/it\/wp-json\/wp\/v2\/types\/page"}],"author":[{"embeddable":true,"href":"https:\/\/suniverse.sushigrafia.com\/it\/wp-json\/wp\/v2\/users\/1"}],"replies":[{"embeddable":true,"href":"https:\/\/suniverse.sushigrafia.com\/it\/wp-json\/wp\/v2\/comments?post=10820"}],"version-history":[{"count":0,"href":"https:\/\/suniverse.sushigrafia.com\/it\/wp-json\/wp\/v2\/pages\/10820\/revisions"}],"wp:attachment":[{"href":"https:\/\/suniverse.sushigrafia.com\/it\/wp-json\/wp\/v2\/media?parent=10820"}],"curies":[{"name":"wp","href":"https:\/\/api.w.org\/{rel}","templated":true}]}}